{"id":41,"date":"2024-11-04T11:19:53","date_gmt":"2024-11-04T11:19:53","guid":{"rendered":"http:\/\/proturmed.local\/?page_id=41"},"modified":"2025-10-12T08:01:05","modified_gmt":"2025-10-12T08:01:05","slug":"kontakt","status":"publish","type":"page","link":"https:\/\/regionzdrowia.pl\/en\/kontakt\/","title":{"rendered":"Contact"},"content":{"rendered":"<style>.kb-row-layout-wrap.wp-block-kadence-rowlayout.kb-row-layout-id41_677a23-8a{margin-top:var(--global-kb-spacing-lg, 3rem);}.kb-row-layout-id41_677a23-8a > .kt-row-column-wrap{align-content:start;}:where(.kb-row-layout-id41_677a23-8a > .kt-row-column-wrap) > .wp-block-kadence-column{justify-content:start;}.kb-row-layout-id41_677a23-8a > .kt-row-column-wrap{column-gap:var(--global-kb-gap-md, 2rem);row-gap:var(--global-kb-gap-md, 2rem);padding-top:var(--global-kb-spacing-xl, 4rem);padding-right:var(--global-kb-spacing-md, 2rem);padding-bottom:var(--global-kb-spacing-xl, 4rem);padding-left:var(--global-kb-spacing-md, 2rem);grid-template-columns:repeat(2, minmax(0, 1fr));}.kb-row-layout-id41_677a23-8a{border-top-left-radius:15px;border-top-right-radius:15px;border-bottom-right-radius:15px;border-bottom-left-radius:15px;overflow:clip;isolation:isolate;}.kb-row-layout-id41_677a23-8a > .kt-row-layout-overlay{border-top-left-radius:15px;border-top-right-radius:15px;border-bottom-right-radius:15px;border-bottom-left-radius:15px;}.kb-row-layout-id41_677a23-8a > .kt-row-layout-overlay{opacity:0.30;}@media all and (max-width: 1024px){.kb-row-layout-id41_677a23-8a > .kt-row-column-wrap{grid-template-columns:repeat(2, minmax(0, 1fr));}}@media all and (max-width: 767px){.kb-row-layout-id41_677a23-8a > .kt-row-column-wrap{grid-template-columns:minmax(0, 1fr);}}<\/style><div class=\"kb-row-layout-wrap kb-row-layout-id41_677a23-8a alignnone has-theme-palette8-background-color kt-row-has-bg wp-block-kadence-rowlayout\"><div class=\"kt-row-column-wrap kt-has-2-columns kt-row-layout-equal kt-tab-layout-inherit kt-mobile-layout-row kt-row-valign-top\">\n<style>.kadence-column41_bf2008-ca > .kt-inside-inner-col,.kadence-column41_bf2008-ca > .kt-inside-inner-col:before{border-top-left-radius:0px;border-top-right-radius:0px;border-bottom-right-radius:0px;border-bottom-left-radius:0px;}.kadence-column41_bf2008-ca > .kt-inside-inner-col{column-gap:var(--global-kb-gap-sm, 1rem);}.kadence-column41_bf2008-ca > .kt-inside-inner-col{flex-direction:column;}.kadence-column41_bf2008-ca > .kt-inside-inner-col > .aligncenter{width:100%;}.kadence-column41_bf2008-ca > .kt-inside-inner-col:before{opacity:0.3;}.kadence-column41_bf2008-ca{position:relative;}@media all and (max-width: 1024px){.kadence-column41_bf2008-ca > .kt-inside-inner-col{flex-direction:column;justify-content:center;}}@media all and (max-width: 767px){.kadence-column41_bf2008-ca > .kt-inside-inner-col{flex-direction:column;justify-content:center;}}<\/style>\n<div class=\"wp-block-kadence-column kadence-column41_bf2008-ca\"><div class=\"kt-inside-inner-col\"><style>.wp-block-kadence-advancedheading.kt-adv-heading41_33ae94-af, .wp-block-kadence-advancedheading.kt-adv-heading41_33ae94-af[data-kb-block=\"kb-adv-heading41_33ae94-af\"]{margin-bottom:var(--global-kb-spacing-md, 2rem);font-style:normal;}.wp-block-kadence-advancedheading.kt-adv-heading41_33ae94-af mark.kt-highlight, .wp-block-kadence-advancedheading.kt-adv-heading41_33ae94-af[data-kb-block=\"kb-adv-heading41_33ae94-af\"] mark.kt-highlight{font-style:normal;color:#f76a0c;-webkit-box-decoration-break:clone;box-decoration-break:clone;padding-top:0px;padding-right:0px;padding-bottom:0px;padding-left:0px;}.wp-block-kadence-advancedheading.kt-adv-heading41_33ae94-af img.kb-inline-image, .wp-block-kadence-advancedheading.kt-adv-heading41_33ae94-af[data-kb-block=\"kb-adv-heading41_33ae94-af\"] img.kb-inline-image{width:150px;vertical-align:baseline;}<\/style>\n<h4 class=\"kt-adv-heading41_33ae94-af wp-block-kadence-advancedheading\" data-kb-block=\"kb-adv-heading41_33ae94-af\">Dane kontaktowe dla RegionZdrowia.pl<\/h4>\n\n\n<style>.wp-block-kadence-iconlist.kt-svg-icon-list-items41_7b3e3e-e1:not(.this-stops-third-party-issues){margin-top:0px;margin-bottom:0px;}.wp-block-kadence-iconlist.kt-svg-icon-list-items41_7b3e3e-e1 ul.kt-svg-icon-list:not(.this-prevents-issues):not(.this-stops-third-party-issues):not(.tijsloc){margin-top:0px;margin-right:0px;margin-bottom:var(--global-kb-spacing-sm, 1.5rem);margin-left:0px;}.wp-block-kadence-iconlist.kt-svg-icon-list-items41_7b3e3e-e1 ul.kt-svg-icon-list{grid-row-gap:13px;}.wp-block-kadence-iconlist.kt-svg-icon-list-items41_7b3e3e-e1 .kb-svg-icon-wrap{color:var(--global-palette2, #2B6CB0);}.wp-block-kadence-iconlist.kt-svg-icon-list-items41_7b3e3e-e1 ul.kt-svg-icon-list .kt-svg-icon-list-item-wrap .kt-svg-icon-list-single{margin-right:13px;}.kt-svg-icon-list-items41_7b3e3e-e1 ul.kt-svg-icon-list .kt-svg-icon-list-level-0 .kt-svg-icon-list-single svg{font-size:20px;}.wp-block-kadence-iconlist.kt-svg-icon-list-items41_7b3e3e-e1 ul.kt-svg-icon-list .kt-svg-icon-list-single{background-color:var(--global-palette9, #ffffff);border-radius:50%;border-color:var(--global-palette2, #2B6CB0);border-width:1px;border-style:solid;padding:13px;}.wp-block-kadence-iconlist.kt-svg-icon-list-items41_7b3e3e-e1 ul.kt-svg-icon-list .wp-block-kadence-listitem a{color:var(--global-palette3, #1A202C);}<\/style>\n<div class=\"wp-block-kadence-iconlist kt-svg-icon-list-items kt-svg-icon-list-items41_7b3e3e-e1 kt-svg-icon-list-columns-1 alignnone\"><ul class=\"kt-svg-icon-list\"><style>.kt-svg-icon-list-item-41_aba428-0e .kt-svg-icon-list-text mark.kt-highlight{background-color:unset;font-style:normal;color:#f76a0c;-webkit-box-decoration-break:clone;box-decoration-break:clone;padding-top:0px;padding-right:0px;padding-bottom:0px;padding-left:0px;}<\/style>\n<li class=\"wp-block-kadence-listitem kt-svg-icon-list-item-wrap kt-svg-icon-list-item-41_aba428-0e\"><a href=\"tel:+48509955177\" class=\"kt-svg-icon-link\"><span class=\"kb-svg-icon-wrap kb-svg-icon-fe_phone kt-svg-icon-list-single\"><svg viewBox=\"0 0 24 24\"  fill=\"none\" stroke=\"currentColor\" stroke-width=\"2\" stroke-linecap=\"round\" stroke-linejoin=\"round\" xmlns=\"http:\/\/www.w3.org\/2000\/svg\"  aria-hidden=\"true\"><path d=\"M22 16.92v3a2 2 0 0 1-2.18 2 19.79 19.79 0 0 1-8.63-3.07 19.5 19.5 0 0 1-6-6 19.79 19.79 0 0 1-3.07-8.67A2 2 0 0 1 4.11 2h3a2 2 0 0 1 2 1.72 12.84 12.84 0 0 0 .7 2.81 2 2 0 0 1-.45 2.11L8.09 9.91a16 16 0 0 0 6 6l1.27-1.27a2 2 0 0 1 2.11-.45 12.84 12.84 0 0 0 2.81.7A2 2 0 0 1 22 16.92z\"\/><\/svg><\/span><span class=\"kt-svg-icon-list-text\">+48 882 511 271 (WA)<\/span><\/a><\/li>\n\n\n<style>.kt-svg-icon-list-item-41_7301aa-31 .kt-svg-icon-list-text mark.kt-highlight{background-color:unset;font-style:normal;color:#f76a0c;-webkit-box-decoration-break:clone;box-decoration-break:clone;padding-top:0px;padding-right:0px;padding-bottom:0px;padding-left:0px;}<\/style>\n<li class=\"wp-block-kadence-listitem kt-svg-icon-list-item-wrap kt-svg-icon-list-item-41_7301aa-31\"><a href=\"mailto:kontakt@regionzdrowia.pl\" class=\"kt-svg-icon-link\"><span class=\"kb-svg-icon-wrap kb-svg-icon-fe_mail kt-svg-icon-list-single\"><svg viewBox=\"0 0 24 24\"  fill=\"none\" stroke=\"currentColor\" stroke-width=\"2\" stroke-linecap=\"round\" stroke-linejoin=\"round\" xmlns=\"http:\/\/www.w3.org\/2000\/svg\"  aria-hidden=\"true\"><path d=\"M4 4h16c1.1 0 2 .9 2 2v12c0 1.1-.9 2-2 2H4c-1.1 0-2-.9-2-2V6c0-1.1.9-2 2-2z\"\/><polyline points=\"22,6 12,13 2,6\"\/><\/svg><\/span><span class=\"kt-svg-icon-list-text\">kontakt@regionzdrowia.pl<\/span><\/a><\/li>\n\n\n<style>.kt-svg-icon-list-item-41_aae7fa-26 .kt-svg-icon-list-text mark.kt-highlight{background-color:unset;font-style:normal;color:#f76a0c;-webkit-box-decoration-break:clone;box-decoration-break:clone;padding-top:0px;padding-right:0px;padding-bottom:0px;padding-left:0px;}<\/style>\n<li class=\"wp-block-kadence-listitem kt-svg-icon-list-item-wrap kt-svg-icon-list-item-41_aae7fa-26\"><a href=\"mailto:wydarzenia@regionzdrowia.pll\" class=\"kt-svg-icon-link\"><span class=\"kb-svg-icon-wrap kb-svg-icon-fe_mail kt-svg-icon-list-single\"><svg viewBox=\"0 0 24 24\"  fill=\"none\" stroke=\"currentColor\" stroke-width=\"2\" stroke-linecap=\"round\" stroke-linejoin=\"round\" xmlns=\"http:\/\/www.w3.org\/2000\/svg\"  aria-hidden=\"true\"><path d=\"M4 4h16c1.1 0 2 .9 2 2v12c0 1.1-.9 2-2 2H4c-1.1 0-2-.9-2-2V6c0-1.1.9-2 2-2z\"\/><polyline points=\"22,6 12,13 2,6\"\/><\/svg><\/span><span class=\"kt-svg-icon-list-text\">wydarzenia@regionzdrowia.pl<\/span><\/a><\/li>\n\n\n<style>.kt-svg-icon-list-item-41_c18628-c5 .kt-svg-icon-list-text mark.kt-highlight{background-color:unset;font-style:normal;color:#f76a0c;-webkit-box-decoration-break:clone;box-decoration-break:clone;padding-top:0px;padding-right:0px;padding-bottom:0px;padding-left:0px;}<\/style>\n<li class=\"wp-block-kadence-listitem kt-svg-icon-list-item-wrap kt-svg-icon-list-item-41_c18628-c5\"><span class=\"kb-svg-icon-wrap kb-svg-icon-fe_clock kt-svg-icon-list-single\"><svg viewBox=\"0 0 24 24\"  fill=\"none\" stroke=\"currentColor\" stroke-width=\"2\" stroke-linecap=\"round\" stroke-linejoin=\"round\" xmlns=\"http:\/\/www.w3.org\/2000\/svg\"  aria-hidden=\"true\"><circle cx=\"12\" cy=\"12\" r=\"10\"\/><polyline points=\"12 6 12 12 16 14\"\/><\/svg><\/span><span class=\"kt-svg-icon-list-text\">Pon &#8211; Pt: 8.00 &#8211; 17.00<\/span><\/li>\n<\/ul><\/div>\n\n\n<style>.wp-block-kadence-advancedheading.kt-adv-heading41_01fd0e-99, .wp-block-kadence-advancedheading.kt-adv-heading41_01fd0e-99[data-kb-block=\"kb-adv-heading41_01fd0e-99\"]{margin-bottom:var(--global-kb-spacing-md, 2rem);font-style:normal;}.wp-block-kadence-advancedheading.kt-adv-heading41_01fd0e-99 mark.kt-highlight, .wp-block-kadence-advancedheading.kt-adv-heading41_01fd0e-99[data-kb-block=\"kb-adv-heading41_01fd0e-99\"] mark.kt-highlight{font-style:normal;color:#f76a0c;-webkit-box-decoration-break:clone;box-decoration-break:clone;padding-top:0px;padding-right:0px;padding-bottom:0px;padding-left:0px;}.wp-block-kadence-advancedheading.kt-adv-heading41_01fd0e-99 img.kb-inline-image, .wp-block-kadence-advancedheading.kt-adv-heading41_01fd0e-99[data-kb-block=\"kb-adv-heading41_01fd0e-99\"] img.kb-inline-image{width:150px;vertical-align:baseline;}<\/style>\n<h4 class=\"kt-adv-heading41_01fd0e-99 wp-block-kadence-advancedheading\" data-kb-block=\"kb-adv-heading41_01fd0e-99\">Siedziba Fundacji  Proturmed<\/h4>\n\n\n<style>.wp-block-kadence-iconlist.kt-svg-icon-list-items41_370153-9e:not(.this-stops-third-party-issues){margin-top:0px;margin-bottom:0px;}.wp-block-kadence-iconlist.kt-svg-icon-list-items41_370153-9e ul.kt-svg-icon-list:not(.this-prevents-issues):not(.this-stops-third-party-issues):not(.tijsloc){margin-top:0px;margin-right:0px;margin-bottom:var(--global-kb-spacing-sm, 1.5rem);margin-left:0px;}.wp-block-kadence-iconlist.kt-svg-icon-list-items41_370153-9e ul.kt-svg-icon-list{grid-row-gap:10px;}.wp-block-kadence-iconlist.kt-svg-icon-list-items41_370153-9e .kb-svg-icon-wrap{color:var(--global-palette2, #2B6CB0);}.wp-block-kadence-iconlist.kt-svg-icon-list-items41_370153-9e ul.kt-svg-icon-list .kt-svg-icon-list-item-wrap .kt-svg-icon-list-single{margin-right:13px;}.kt-svg-icon-list-items41_370153-9e ul.kt-svg-icon-list .kt-svg-icon-list-level-0 .kt-svg-icon-list-single svg{font-size:20px;}.wp-block-kadence-iconlist.kt-svg-icon-list-items41_370153-9e ul.kt-svg-icon-list .kt-svg-icon-list-single{background-color:var(--global-palette9, #ffffff);border-radius:50%;border-color:var(--global-palette2, #2B6CB0);border-width:1px;border-style:solid;padding:13px;}<\/style>\n<div class=\"wp-block-kadence-iconlist kt-svg-icon-list-items kt-svg-icon-list-items41_370153-9e kt-svg-icon-list-columns-1 alignnone\"><ul class=\"kt-svg-icon-list\"><style>.kt-svg-icon-list-item-41_99a638-3d .kt-svg-icon-list-text mark.kt-highlight{background-color:unset;font-style:normal;color:#f76a0c;-webkit-box-decoration-break:clone;box-decoration-break:clone;padding-top:0px;padding-right:0px;padding-bottom:0px;padding-left:0px;}<\/style>\n<li class=\"wp-block-kadence-listitem kt-svg-icon-list-item-wrap kt-svg-icon-list-item-41_99a638-3d\"><span class=\"kb-svg-icon-wrap kb-svg-icon-fe_mapPin kt-svg-icon-list-single\"><svg viewBox=\"0 0 24 24\"  fill=\"none\" stroke=\"currentColor\" stroke-width=\"2\" stroke-linecap=\"round\" stroke-linejoin=\"round\" xmlns=\"http:\/\/www.w3.org\/2000\/svg\"  aria-hidden=\"true\"><path d=\"M21 10c0 7-9 13-9 13s-9-6-9-13a9 9 0 0 1 18 0z\"\/><circle cx=\"12\" cy=\"10\" r=\"3\"\/><\/svg><\/span><span class=\"kt-svg-icon-list-text\">ul. Derdowskiego, 80-310 Gda\u0144sk, Polska<\/span><\/li>\n\n\n<style>.kt-svg-icon-list-item-41_3a4650-8f .kt-svg-icon-list-text mark.kt-highlight{background-color:unset;font-style:normal;color:#f76a0c;-webkit-box-decoration-break:clone;box-decoration-break:clone;padding-top:0px;padding-right:0px;padding-bottom:0px;padding-left:0px;}<\/style>\n<li class=\"wp-block-kadence-listitem kt-svg-icon-list-item-wrap kt-svg-icon-list-item-41_3a4650-8f\"><a href=\"mailto:kontakt@proturmed.pl\" class=\"kt-svg-icon-link\"><span class=\"kb-svg-icon-wrap kb-svg-icon-fe_mail kt-svg-icon-list-single\"><svg viewBox=\"0 0 24 24\"  fill=\"none\" stroke=\"currentColor\" stroke-width=\"2\" stroke-linecap=\"round\" stroke-linejoin=\"round\" xmlns=\"http:\/\/www.w3.org\/2000\/svg\"  aria-hidden=\"true\"><path d=\"M4 4h16c1.1 0 2 .9 2 2v12c0 1.1-.9 2-2 2H4c-1.1 0-2-.9-2-2V6c0-1.1.9-2 2-2z\"\/><polyline points=\"22,6 12,13 2,6\"\/><\/svg><\/span><span class=\"kt-svg-icon-list-text\">kontakt@proturmed.pl<\/span><\/a><\/li>\n<\/ul><\/div>\n<\/div><\/div>\n\n\n<style>.kadence-column41_e6e5c4-b1 > .kt-inside-inner-col{padding-top:var(--global-kb-spacing-lg, 3rem);padding-right:var(--global-kb-spacing-md, 2rem);padding-bottom:var(--global-kb-spacing-lg, 3rem);padding-left:var(--global-kb-spacing-md, 2rem);}.kadence-column41_e6e5c4-b1 > .kt-inside-inner-col,.kadence-column41_e6e5c4-b1 > .kt-inside-inner-col:before{border-top-left-radius:10px;border-top-right-radius:10px;border-bottom-right-radius:10px;border-bottom-left-radius:10px;}.kadence-column41_e6e5c4-b1 > .kt-inside-inner-col{column-gap:var(--global-kb-gap-sm, 1rem);}.kadence-column41_e6e5c4-b1 > .kt-inside-inner-col{flex-direction:column;}.kadence-column41_e6e5c4-b1 > .kt-inside-inner-col > .aligncenter{width:100%;}.kadence-column41_e6e5c4-b1 > .kt-inside-inner-col{background-color:var(--global-palette9, #ffffff);}.kadence-column41_e6e5c4-b1 > .kt-inside-inner-col:before{opacity:0.3;}.kadence-column41_e6e5c4-b1{position:relative;}@media all and (max-width: 1024px){.kadence-column41_e6e5c4-b1 > .kt-inside-inner-col{flex-direction:column;justify-content:center;}}@media all and (max-width: 767px){.kadence-column41_e6e5c4-b1 > .kt-inside-inner-col{flex-direction:column;justify-content:center;}}<\/style>\n<div class=\"wp-block-kadence-column kadence-column41_e6e5c4-b1\"><div class=\"kt-inside-inner-col\"><div class=\"wp-block-kadence-advanced-form wp-block-kadence-advanced-form1102-cpt-id kb-adv-form-label-style-normal kb-adv-form-input-size-standard kb-form-basic-style wp-block-kadence-advanced-form\"><form id=\"kb-adv-form-1102-cpt-id\" class=\"kb-advanced-form\" method=\"post\" data-error-message=\"Popraw b\u0142\u0119dy\">\n<style>.kb-row-layout-id41_0dfe48-f9 > .kt-row-column-wrap{align-content:start;}:where(.kb-row-layout-id41_0dfe48-f9 > .kt-row-column-wrap) > .wp-block-kadence-column{justify-content:start;}.kb-row-layout-id41_0dfe48-f9 > .kt-row-column-wrap{column-gap:var(--global-kb-gap-md, 2rem);row-gap:var(--global-kb-gap-md, 2rem);padding-top:0px;padding-right:0px;padding-bottom:0px;padding-left:0px;grid-template-columns:repeat(2, minmax(0, 1fr));}.kb-row-layout-id41_0dfe48-f9 > .kt-row-layout-overlay{opacity:0.30;}@media all and (max-width: 1024px){.kb-row-layout-id41_0dfe48-f9 > .kt-row-column-wrap{grid-template-columns:repeat(2, minmax(0, 1fr));}}@media all and (max-width: 767px){.kb-row-layout-id41_0dfe48-f9 > .kt-row-column-wrap{grid-template-columns:minmax(0, 1fr);}}<\/style><div class=\"kb-row-layout-wrap kb-row-layout-id41_0dfe48-f9 alignnone wp-block-kadence-rowlayout\"><div class=\"kt-row-column-wrap kt-has-2-columns kt-row-layout-equal kt-tab-layout-inherit kt-mobile-layout-row kt-row-valign-top\">\n<style>.kadence-column41_009e05-1f > .kt-inside-inner-col,.kadence-column41_009e05-1f > .kt-inside-inner-col:before{border-top-left-radius:0px;border-top-right-radius:0px;border-bottom-right-radius:0px;border-bottom-left-radius:0px;}.kadence-column41_009e05-1f > .kt-inside-inner-col{column-gap:var(--global-kb-gap-sm, 1rem);}.kadence-column41_009e05-1f > .kt-inside-inner-col{flex-direction:column;}.kadence-column41_009e05-1f > .kt-inside-inner-col > .aligncenter{width:100%;}.kadence-column41_009e05-1f > .kt-inside-inner-col:before{opacity:0.3;}.kadence-column41_009e05-1f{position:relative;}@media all and (max-width: 1024px){.kadence-column41_009e05-1f > .kt-inside-inner-col{flex-direction:column;justify-content:center;}}@media all and (max-width: 767px){.kadence-column41_009e05-1f > .kt-inside-inner-col{flex-direction:column;justify-content:center;}}<\/style>\n<div class=\"wp-block-kadence-column kadence-column41_009e05-1f\"><div class=\"kt-inside-inner-col\"><div class=\"kb-adv-form-field kb-adv-form-text-type-input kb-adv-form-infield-type-input kb-field11022e3609-08 wp-block-kadence-advanced-form-text\"><label class=\"kb-adv-form-label\" for=\"field11022e3609-08\">Imi\u0119 i nazwisko<\/label><input name=\"field2e3609-08\" id=\"field11022e3609-08\" data-label=\"Imi\u0119 i nazwisko\" type=\"text\" placeholder=\"\" value=\"\" data-type=\"text\" class=\"kb-field kb-text-field\" data-required=\"no\" \/><\/div><\/div><\/div>\n\n\n<style>.kadence-column41_9ef3da-21 > .kt-inside-inner-col,.kadence-column41_9ef3da-21 > .kt-inside-inner-col:before{border-top-left-radius:0px;border-top-right-radius:0px;border-bottom-right-radius:0px;border-bottom-left-radius:0px;}.kadence-column41_9ef3da-21 > .kt-inside-inner-col{column-gap:var(--global-kb-gap-sm, 1rem);}.kadence-column41_9ef3da-21 > .kt-inside-inner-col{flex-direction:column;}.kadence-column41_9ef3da-21 > .kt-inside-inner-col > .aligncenter{width:100%;}.kadence-column41_9ef3da-21 > .kt-inside-inner-col:before{opacity:0.3;}.kadence-column41_9ef3da-21{position:relative;}@media all and (max-width: 1024px){.kadence-column41_9ef3da-21 > .kt-inside-inner-col{flex-direction:column;justify-content:center;}}@media all and (max-width: 767px){.kadence-column41_9ef3da-21 > .kt-inside-inner-col{flex-direction:column;justify-content:center;}}<\/style>\n<div class=\"wp-block-kadence-column kadence-column41_9ef3da-21\"><div class=\"kt-inside-inner-col\"><div class=\"kb-adv-form-field kb-adv-form-text-type-input kb-adv-form-infield-type-input kb-field1102224636-f5 wp-block-kadence-advanced-form-email\"><label class=\"kb-adv-form-label\" for=\"field1102224636-f5\">Adres email<span class=\"kb-adv-form-required\">*<\/span><\/label><input name=\"field224636-f5\" id=\"field1102224636-f5\" data-label=\"Adres email\" type=\"email\" placeholder=\"\" value=\"\" data-type=\"email\" class=\"kb-field kb-email-field\" data-required=\"yes\" required aria-required=\"true\"\/><\/div><\/div><\/div>\n\n<\/div><\/div>\n\n<div class=\"kb-adv-form-field kb-adv-form-text-type-input kb-adv-form-infield-type-input kb-field110281de39-97 wp-block-kadence-advanced-form-textarea\"><label class=\"kb-adv-form-label\" for=\"field110281de39-97\">Tre\u015b\u0107 wiadomo\u015bci<span class=\"kb-adv-form-required\">*<\/span><\/label><textarea name=\"field81de39-97\" id=\"field110281de39-97\" rows=\"3\"  data-label=\"Tre\u015b\u0107 wiadomo\u015bci\" placeholder=\"\" data-type=\"textarea\" class=\"kb-field kb-textarea-field\" data-required=\"yes\" required aria-required=\"true\"><\/textarea><\/div>\n\n<div class=\"kb-adv-form-field kb-field11024230b9-e5 wp-block-kadence-advanced-form-accept\"><fieldset class=\"kb-radio-check-item-wrap\" id=\"cb11024230b9-e5\" data-type=\"accept\" data-required=\"no\" ><div class=\"kb-radio-check-item\"><input name=\"field4230b9-e5\" id=\"field11024230b9-e5_0\" data-label=\"\" type=\"checkbox\" value=\"accept\" data-type=\"accept\" class=\"kb-field kb-accept-field kb-checkbox-field\" data-required=\"no\" \/><label for=\"field11024230b9-e5_0\">Wyra\u017cam zgod\u0119 na przetwarzanie moich danych osobowych<\/label><\/div><\/fieldset><\/div>\n\n<style>ul.menu .kb-submit-field .kb-btn050d3c-65.kb-button{width:initial;}.kb-submit-field.kb-field050d3c-65{justify-content:flex-start;}<\/style><div class=\"kb-adv-form-field kb-submit-field kb-field050d3c-65 wp-block-kadence-advanced-form-submit\"><button class=\"kb-button kt-button button kb-adv-form-submit-button kb-btn050d3c-65 kt-btn-size-small kt-btn-width-type-auto kb-btn-global-inherit kt-btn-has-text-true kt-btn-has-svg-false wp-block-button__link\" type=\"submit\"><span class=\"kt-btn-inner-text\">Wy\u015blij formularz <\/span><\/button><\/div>\n<input type=\"hidden\" name=\"_kb_adv_form_post_id\" value=\"1102\"><input type=\"hidden\" name=\"action\" value=\"kb_process_advanced_form_submit\"><input type=\"hidden\" name=\"_kb_adv_form_id\" value=\"1102-cpt-id\"><\/form><\/div><\/div><\/div>\n\n<\/div><\/div>\n\n\n<p><\/p>\n","protected":false},"excerpt":{"rendered":"<p>Dane kontaktowe dla RegionZdrowia.pl Siedziba Fundacji Proturmed<\/p>","protected":false},"author":4,"featured_media":243,"parent":0,"menu_order":7,"comment_status":"closed","ping_status":"closed","template":"","meta":{"_acf_changed":false,"_kad_blocks_custom_css":"","_kad_blocks_head_custom_js":"","_kad_blocks_body_custom_js":"","_kad_blocks_footer_custom_js":"","_monsterinsights_skip_tracking":false,"_monsterinsights_sitenote_active":false,"_monsterinsights_sitenote_note":"","_monsterinsights_sitenote_category":0,"_kad_post_transparent":"","_kad_post_title":"","_kad_post_layout":"","_kad_post_sidebar_id":"","_kad_post_content_style":"","_kad_post_vertical_padding":"bottom","_kad_post_feature":"","_kad_post_feature_position":"","_kad_post_header":false,"_kad_post_footer":false,"_kad_post_classname":"","footnotes":""},"class_list":["post-41","page","type-page","status-publish","has-post-thumbnail","hentry"],"acf":[],"taxonomy_info":[],"featured_image_src_large":["https:\/\/regionzdrowia.pl\/wp-content\/uploads\/2024\/11\/186751-1024x768.jpg",1024,768,true],"author_info":{"display_name":"TopStrony","author_link":"https:\/\/regionzdrowia.pl\/en\/author\/topstrony\/"},"comment_info":0,"_links":{"self":[{"href":"https:\/\/regionzdrowia.pl\/en\/wp-json\/wp\/v2\/pages\/41","targetHints":{"allow":["GET"]}}],"collection":[{"href":"https:\/\/regionzdrowia.pl\/en\/wp-json\/wp\/v2\/pages"}],"about":[{"href":"https:\/\/regionzdrowia.pl\/en\/wp-json\/wp\/v2\/types\/page"}],"author":[{"embeddable":true,"href":"https:\/\/regionzdrowia.pl\/en\/wp-json\/wp\/v2\/users\/4"}],"replies":[{"embeddable":true,"href":"https:\/\/regionzdrowia.pl\/en\/wp-json\/wp\/v2\/comments?post=41"}],"version-history":[{"count":38,"href":"https:\/\/regionzdrowia.pl\/en\/wp-json\/wp\/v2\/pages\/41\/revisions"}],"predecessor-version":[{"id":2995,"href":"https:\/\/regionzdrowia.pl\/en\/wp-json\/wp\/v2\/pages\/41\/revisions\/2995"}],"wp:featuredmedia":[{"embeddable":true,"href":"https:\/\/regionzdrowia.pl\/en\/wp-json\/wp\/v2\/media\/243"}],"wp:attachment":[{"href":"https:\/\/regionzdrowia.pl\/en\/wp-json\/wp\/v2\/media?parent=41"}],"curies":[{"name":"wp","href":"https:\/\/api.w.org\/{rel}","templated":true}]}}