{"id":1323,"date":"2024-12-05T10:03:04","date_gmt":"2024-12-05T10:03:04","guid":{"rendered":"https:\/\/regionzdrowia.pl\/?page_id=1323"},"modified":"2026-03-24T10:37:34","modified_gmt":"2026-03-24T10:37:34","slug":"region-zdrowia-idea","status":"publish","type":"page","link":"https:\/\/regionzdrowia.pl\/en\/region-zdrowia-idea\/","title":{"rendered":"Health region - Idea"},"content":{"rendered":"\n<p><strong>Region zdrowia <\/strong><strong>jest koncepcj\u0105 rozwoju miejsc zak\u0142adaj\u0105c\u0105 nadrz\u0119dn\u0105 rol\u0119 aspekt\u00f3w prozdrowotnych. Jego celem jest stworzenie przestrzeni przyjaznej zdrowiu mieszka\u0144c\u00f3w i turyst\u00f3w. Idea ta zyskuje na popularno\u015bci jako narz\u0119dzie kreowania destynacji turystyki zdrowotnej i po\u017c\u0105danego miejsca do \u017cycia przez mieszka\u0144c\u00f3w.<\/strong><\/p>\n\n\n<style>.wp-block-kadence-spacer.kt-block-spacer-1323_d0be70-c1 .kt-block-spacer{height:60px;}.wp-block-kadence-spacer.kt-block-spacer-1323_d0be70-c1 .kt-divider{border-top-width:1px;height:1px;border-top-color:rgba(113, 128, 150, 0.50);width:100%;border-top-style:solid;}<\/style>\n<div class=\"wp-block-kadence-spacer aligncenter kt-block-spacer-1323_d0be70-c1\"><div class=\"kt-block-spacer kt-block-spacer-halign-center\"><hr class=\"kt-divider\"\/><\/div><\/div>\n\n\n\n<p>Strona \u201eRegion Zdrowia\u201d stworzona przez Fundacj\u0119 Proturmed ma za zadanie rozpowszechni\u0107 ide\u0119 regionu zdrowia, wskaza\u0107 i opisa\u0107 istotne elementy systemu oraz stanowi\u0107 inspiracj\u0119 do zag\u0142\u0119biania si\u0119 w t\u0119 tematyk\u0119.<\/p>\n\n\n\n<p>Pomys\u0142 na stworzenie strony wynika\u0142 z realizacji zadania publicznego \u201ePomorski Informator Zdrowotny\u201d dofinansowanego ze \u015brodk\u00f3w Ministerstwa Sportu i Turystyki zgodnie z zawart\u0105 umow\u0105 nr 2024\/0026\/2766\/UDOT\/DT\/BP\/IS z 18.06.2024 r.<\/p>\n\n\n<style>.wp-block-kadence-spacer.kt-block-spacer-1323_350c3d-6a .kt-block-spacer{height:60px;}.wp-block-kadence-spacer.kt-block-spacer-1323_350c3d-6a .kt-divider{border-top-width:1px;height:1px;border-top-color:rgba(113, 128, 150, 0.50);width:100%;border-top-style:solid;}<\/style>\n<div class=\"wp-block-kadence-spacer aligncenter kt-block-spacer-1323_350c3d-6a\"><div class=\"kt-block-spacer kt-block-spacer-halign-center\"><hr class=\"kt-divider\"\/><\/div><\/div>\n\n\n\n<p><strong>Na stronie Region Zdrowia znajd\u0105 Pa\u0144stwo<\/strong><\/p>\n\n\n\n<ul class=\"wp-block-list\">\n<li><a href=\"https:\/\/regionzdrowia.pl\/pomorski-informator-zdrowotny\/\">Pomorski Informator Zdrowotny (PIZ) <\/a>w formie pdf do pobrania<\/li>\n\n\n\n<li>Szczeg\u00f3\u0142owo przedstawione elementy PIZ: <a href=\"https:\/\/regionzdrowia.pl\/parki\/\">parki zdrowia<\/a>, <a href=\"https:\/\/regionzdrowia.pl\/miejsca-prozdrowotne\/\">miejsca prozdrowotne<\/a>, <a href=\"https:\/\/regionzdrowia.pl\/dostepnosc\/\">atrakcje<\/a>, <a href=\"https:\/\/regionzdrowia.pl\/oferta\/\">pilne telefony<\/a>,<\/li>\n\n\n\n<li><a href=\"https:\/\/regionzdrowia.pl\/artykuly\/\">Artyku\u0142y o tematyce zwi\u0105zanej z Regionem Zdrowia<\/a>,<\/li>\n<\/ul>\n\n\n\n<p>Mamy nadziej\u0119, \u017ce nasz pomys\u0142 zyska Pa\u0144stwa uznanie.<\/p>\n\n\n<style>.wp-block-kadence-spacer.kt-block-spacer-1323_601bf2-9d .kt-block-spacer{height:60px;}.wp-block-kadence-spacer.kt-block-spacer-1323_601bf2-9d .kt-divider{border-top-width:1px;height:1px;border-top-color:rgba(113, 128, 150, 0.50);width:100%;border-top-style:solid;}<\/style>\n<div class=\"wp-block-kadence-spacer aligncenter kt-block-spacer-1323_601bf2-9d\"><div class=\"kt-block-spacer kt-block-spacer-halign-center\"><hr class=\"kt-divider\"\/><\/div><\/div>\n\n\n<style>.wp-block-kadence-advancedheading.kt-adv-heading1323_48ef95-5c, .wp-block-kadence-advancedheading.kt-adv-heading1323_48ef95-5c[data-kb-block=\"kb-adv-heading1323_48ef95-5c\"]{margin-top:0px;font-style:normal;}.wp-block-kadence-advancedheading.kt-adv-heading1323_48ef95-5c mark.kt-highlight, .wp-block-kadence-advancedheading.kt-adv-heading1323_48ef95-5c[data-kb-block=\"kb-adv-heading1323_48ef95-5c\"] mark.kt-highlight{font-style:normal;color:#f76a0c;-webkit-box-decoration-break:clone;box-decoration-break:clone;padding-top:0px;padding-right:0px;padding-bottom:0px;padding-left:0px;}.wp-block-kadence-advancedheading.kt-adv-heading1323_48ef95-5c img.kb-inline-image, .wp-block-kadence-advancedheading.kt-adv-heading1323_48ef95-5c[data-kb-block=\"kb-adv-heading1323_48ef95-5c\"] img.kb-inline-image{width:150px;vertical-align:baseline;}<\/style>\n<h2 class=\"kt-adv-heading1323_48ef95-5c wp-block-kadence-advancedheading\" data-kb-block=\"kb-adv-heading1323_48ef95-5c\">Region Zdrowia \u2013 definicja<\/h2>\n\n\n\n<p>&#8211; ograniczony geograficznie teren z niezanieczyszczonym \u015brodowiskiem naturalnym, dobr\u0105 infrastruktur\u0105 medyczn\u0105 i turystyczn\u0105, ciekaw\u0105 ofert\u0105 kulturow\u0105, dobrze wykszta\u0142conymi i zdrowymi mieszka\u0144cami dziel\u0105cymi podobne warto\u015bci i kompetencje, kt\u00f3rzy s\u0105 \u015bwiadomi szerokiego spektrum przejaw\u00f3w zdrowia obejmuj\u0105cych funkcje fizyczne i umys\u0142owe, sfer\u0119 duchow\u0105, jako\u015b\u0107 \u017cycia, zaanga\u017cowanie spo\u0142eczne i codzienn\u0105 funkcjonalno\u015b\u0107.<\/p>\n\n\n\n<p>Aby zagwarantowa\u0107 rozw\u00f3j region\u00f3w zdrowia, konieczne jest zaanga\u017cowanie na rzecz zdrowia istotnych graczy w regionie, kt\u00f3re wyra\u017ca si\u0119 we wsp\u00f3\u0142pracy, szczeg\u00f3lnie w takich obszarach jak edukacja, badania, technologie medyczne, profilaktyka zdrowotna, dostawcy us\u0142ug medycznych, mieszka\u0144cy, politycy i interesariusze turystyki zdrowotnej.<\/p>\n\n\n<style>.wp-block-kadence-spacer.kt-block-spacer-1323_8db6bf-9b .kt-block-spacer{height:60px;}.wp-block-kadence-spacer.kt-block-spacer-1323_8db6bf-9b .kt-divider{border-top-width:1px;height:1px;border-top-color:rgba(113, 128, 150, 0.50);width:100%;border-top-style:solid;}<\/style>\n<div class=\"wp-block-kadence-spacer aligncenter kt-block-spacer-1323_8db6bf-9b\"><div class=\"kt-block-spacer kt-block-spacer-halign-center\"><hr class=\"kt-divider\"\/><\/div><\/div>\n\n\n<style>.wp-block-kadence-advancedheading.kt-adv-heading1323_3de82a-51, .wp-block-kadence-advancedheading.kt-adv-heading1323_3de82a-51[data-kb-block=\"kb-adv-heading1323_3de82a-51\"]{margin-top:0px;font-style:normal;}.wp-block-kadence-advancedheading.kt-adv-heading1323_3de82a-51 mark.kt-highlight, .wp-block-kadence-advancedheading.kt-adv-heading1323_3de82a-51[data-kb-block=\"kb-adv-heading1323_3de82a-51\"] mark.kt-highlight{font-style:normal;color:#f76a0c;-webkit-box-decoration-break:clone;box-decoration-break:clone;padding-top:0px;padding-right:0px;padding-bottom:0px;padding-left:0px;}.wp-block-kadence-advancedheading.kt-adv-heading1323_3de82a-51 img.kb-inline-image, .wp-block-kadence-advancedheading.kt-adv-heading1323_3de82a-51[data-kb-block=\"kb-adv-heading1323_3de82a-51\"] img.kb-inline-image{width:150px;vertical-align:baseline;}<\/style>\n<h2 class=\"kt-adv-heading1323_3de82a-51 wp-block-kadence-advancedheading\" data-kb-block=\"kb-adv-heading1323_3de82a-51\">&nbsp;Region Zdrowia \u2013 uwarunkowania<\/h2>\n\n\n\n<p>Region zdrowia okre\u015blany jest tak\u017ce jako narz\u0119dzie do podniesienia atrakcyjno\u015bci danego miejsca zar\u00f3wno dla mieszka\u0144c\u00f3w jak i turyst\u00f3w. Mo\u017ce by\u0107 traktowany jako element przyci\u0105gaj\u0105cy zainteresowanie mi\u0119dzynarodowych pacjent\u00f3w, a tak\u017ce jako odpowied\u017a na niekt\u00f3re wyzwania zwi\u0105zane z liberalizacj\u0105 rynku ochrony zdrowia.<\/p>\n\n\n\n<p>W\u015br\u00f3d czynnik\u00f3w rozwoju region\u00f3w zdrowia wymienia si\u0119: badania, edukacj\u0119, profilaktyk\u0119 zdrowotn\u0105, rozw\u00f3j technologii medycznych, szpitali, podstawow\u0105 opiek\u0119 zdrowotn\u0105 oraz turystyk\u0119 zdrowotn\u0105. W\u015br\u00f3d innych element\u00f3w wymienia si\u0119 tak\u017ce wsp\u00f3lne warto\u015bci, kompetencje, ofert\u0119 i wsp\u00f3lne grupy docelowe w zakresie us\u0142ug zdrowotnych w celu kreowania efekt\u00f3w synergicznych.<\/p>\n\n\n<style>.wp-block-kadence-spacer.kt-block-spacer-1323_1667d5-db .kt-block-spacer{height:60px;}.wp-block-kadence-spacer.kt-block-spacer-1323_1667d5-db .kt-divider{border-top-width:1px;height:1px;border-top-color:rgba(113, 128, 150, 0.50);width:100%;border-top-style:solid;}<\/style>\n<div class=\"wp-block-kadence-spacer aligncenter kt-block-spacer-1323_1667d5-db\"><div class=\"kt-block-spacer kt-block-spacer-halign-center\"><hr class=\"kt-divider\"\/><\/div><\/div>\n\n\n<style>.wp-block-kadence-advancedheading.kt-adv-heading1323_db95f4-4e, .wp-block-kadence-advancedheading.kt-adv-heading1323_db95f4-4e[data-kb-block=\"kb-adv-heading1323_db95f4-4e\"]{margin-top:0px;font-style:normal;}.wp-block-kadence-advancedheading.kt-adv-heading1323_db95f4-4e mark.kt-highlight, .wp-block-kadence-advancedheading.kt-adv-heading1323_db95f4-4e[data-kb-block=\"kb-adv-heading1323_db95f4-4e\"] mark.kt-highlight{font-style:normal;color:#f76a0c;-webkit-box-decoration-break:clone;box-decoration-break:clone;padding-top:0px;padding-right:0px;padding-bottom:0px;padding-left:0px;}.wp-block-kadence-advancedheading.kt-adv-heading1323_db95f4-4e img.kb-inline-image, .wp-block-kadence-advancedheading.kt-adv-heading1323_db95f4-4e[data-kb-block=\"kb-adv-heading1323_db95f4-4e\"] img.kb-inline-image{width:150px;vertical-align:baseline;}<\/style>\n<h2 class=\"kt-adv-heading1323_db95f4-4e wp-block-kadence-advancedheading\" data-kb-block=\"kb-adv-heading1323_db95f4-4e\">Region zdrowia \u2013 korzy\u015bci<\/h2>\n\n\n\n<ul class=\"wp-block-list\">\n<li>pozytywne oddzia\u0142ywanie na zdrowie mieszka\u0144c\u00f3w oraz turyst\u00f3w przebywaj\u0105cych na danym terenie.<\/li>\n\n\n\n<li>kreowanie region\u00f3w zdrowia mo\u017ce by\u0107 narz\u0119dziem wspierania rozwoju turystyki zdrowotnej w danym regionie.<\/li>\n\n\n\n<li>budowanie wizerunku destynacji dbaj\u0105cej o zdrowie,<\/li>\n\n\n\n<li>mo\u017ce oddzia\u0142ywa\u0107 korzystnie na wzrost populacji oraz poziom inwestycji.<\/li>\n<\/ul>\n\n\n\n<p><sub>Opracowano na podstawie: A. Bia\u0142k-Wolf, Region zdrowia jako destynacja turystyki medycznej, w: Turystyka zdrowotna. Problemy Ekonomiczne i Spo\u0142eczne, D. Czekaj (red.), Wy\u017csza Szko\u0142a Turystyki i J\u0119zyk\u00f3w Obcych w Warszawie s. 119-130, Warszawa, 2018<\/sub><\/p>\n","protected":false},"excerpt":{"rendered":"<p>Region zdrowia jest koncepcj\u0105 rozwoju miejsc zak\u0142adaj\u0105c\u0105 nadrz\u0119dn\u0105 rol\u0119 aspekt\u00f3w prozdrowotnych. Jego celem jest stworzenie przestrzeni przyjaznej zdrowiu mieszka\u0144c\u00f3w i turyst\u00f3w. Idea ta zyskuje na popularno\u015bci jako narz\u0119dzie kreowania destynacji turystyki zdrowotnej i po\u017c\u0105danego miejsca do \u017cycia przez mieszka\u0144c\u00f3w. Strona \u201eRegion Zdrowia\u201d stworzona przez Fundacj\u0119 Proturmed ma za zadanie rozpowszechni\u0107 ide\u0119 regionu zdrowia, wskaza\u0107 i&#8230;<\/p>","protected":false},"author":6,"featured_media":244,"parent":0,"menu_order":4,"comment_status":"closed","ping_status":"closed","template":"","meta":{"_acf_changed":false,"_kad_blocks_custom_css":"","_kad_blocks_head_custom_js":"","_kad_blocks_body_custom_js":"","_kad_blocks_footer_custom_js":"","_monsterinsights_skip_tracking":false,"_monsterinsights_sitenote_active":false,"_monsterinsights_sitenote_note":"","_monsterinsights_sitenote_category":0,"_kad_post_transparent":"","_kad_post_title":"","_kad_post_layout":"narrow","_kad_post_sidebar_id":"","_kad_post_content_style":"","_kad_post_vertical_padding":"","_kad_post_feature":"","_kad_post_feature_position":"","_kad_post_header":false,"_kad_post_footer":false,"_kad_post_classname":"","footnotes":""},"class_list":["post-1323","page","type-page","status-publish","has-post-thumbnail","hentry"],"acf":[],"taxonomy_info":[],"featured_image_src_large":["https:\/\/regionzdrowia.pl\/wp-content\/uploads\/2024\/11\/35561-1024x683.jpg",1024,683,true],"author_info":{"display_name":"Przemek","author_link":"https:\/\/regionzdrowia.pl\/en\/author\/przemek\/"},"comment_info":0,"_links":{"self":[{"href":"https:\/\/regionzdrowia.pl\/en\/wp-json\/wp\/v2\/pages\/1323","targetHints":{"allow":["GET"]}}],"collection":[{"href":"https:\/\/regionzdrowia.pl\/en\/wp-json\/wp\/v2\/pages"}],"about":[{"href":"https:\/\/regionzdrowia.pl\/en\/wp-json\/wp\/v2\/types\/page"}],"author":[{"embeddable":true,"href":"https:\/\/regionzdrowia.pl\/en\/wp-json\/wp\/v2\/users\/6"}],"replies":[{"embeddable":true,"href":"https:\/\/regionzdrowia.pl\/en\/wp-json\/wp\/v2\/comments?post=1323"}],"version-history":[{"count":9,"href":"https:\/\/regionzdrowia.pl\/en\/wp-json\/wp\/v2\/pages\/1323\/revisions"}],"predecessor-version":[{"id":3434,"href":"https:\/\/regionzdrowia.pl\/en\/wp-json\/wp\/v2\/pages\/1323\/revisions\/3434"}],"wp:featuredmedia":[{"embeddable":true,"href":"https:\/\/regionzdrowia.pl\/en\/wp-json\/wp\/v2\/media\/244"}],"wp:attachment":[{"href":"https:\/\/regionzdrowia.pl\/en\/wp-json\/wp\/v2\/media?parent=1323"}],"curies":[{"name":"wp","href":"https:\/\/api.w.org\/{rel}","templated":true}]}}